{"id":16,"date":"2009-08-17T23:23:28","date_gmt":"2009-08-17T19:23:28","guid":{"rendered":"http:\/\/wp1158572.wp187.webpack.hosteurope.de\/m50\/?page_id=16"},"modified":"2023-10-15T13:55:09","modified_gmt":"2023-10-15T09:55:09","slug":"uber-die-galerie","status":"publish","type":"page","link":"http:\/\/galerie-m50-wittner.de\/index.php\/uber-die-galerie","title":{"rendered":"\u00fcber die Galerie"},"content":{"rendered":"<p><span style=\"color: #ffffff;\">&#8212;&#8212;&#8212;&#8212;&#8211;<\/span><\/p>\n<p style=\"text-align: justify;\">Die Galeristin Gabriele Wittner ist die Tochter des (1998 gestorbenen) Frankfurter K\u00fcnstlers Gerhard Wittner, der mehrfach mit Preisen ausgezeichnet wurde. Sein Atelier befand sich immer im Hause Mendelssohnstra\u00dfe 50, in dem sie selbst seit ihrer Geburt lebte. Frau Wittner ist gro\u00df geworden mit der Kunst (ihres Vaters): viele K\u00fcnstlerkollegen, Sammlerfreunde und Galeristen gingen im Hause ein und aus. So ist es nur folgerichtig, dass Frau Wittner \u2013 zusammen mit ihrem Mann Dieter Wittner-Schwalbe \u2013 ihre Galerie in dem Haus &#8211; im Frankfurter Westend &#8211; er\u00f6ffnet, in dem das Atelier ihres Vaters erhalten blieb.<br \/>\nDie Galerie und das<em> Gerhard Wittner<\/em>-Archiv befinden sich seit November 2015 in der Ackergasse 15A in Oberursel (Taunus).<br \/>\nIn 5 bis 6 Ausstellungen pro Jahr wird Kunst nach 1950 (Bildhauerei, Grafik, Fotografie, Malerei und Zeichnung) gezeigt. Auch k\u00fcnstlerische Positionen von weniger bekannten K\u00fcnstlern und auch von Kunststudenten oder Kunstschul-Absolventen sind im Programm der Galerie vertreten.<span style=\"color: #ffffff;\">&#8212;&#8212;&#8212;&#8212;&#8211;<\/span><\/p>\n<p><span style=\"color: #ffffff;\">&#8212;&#8212;&#8212;&#8212;-<\/span><\/p>\n<p style=\"text-align: left;\"><a href=\"https:\/\/instagram.com\/galerie_m50?igshid=kyucziplej0v\"><strong><em>Instagram<\/em><\/strong><\/a><\/p>\n<p>&nbsp;<\/p>\n<p>&nbsp;<\/p>\n<p>&nbsp;<\/p>\n<p>&nbsp;<\/p>\n<p>&nbsp;<\/p>\n<p>&nbsp;<\/p>\n<p>&nbsp;<\/p>\n<p>&nbsp;<\/p>\n","protected":false},"excerpt":{"rendered":"<p>&#8212;&#8212;&#8212;&#8212;&#8211; Die Galeristin Gabriele Wittner ist die Tochter des (1998 gestorbenen) Frankfurter K\u00fcnstlers Gerhard Wittner, der mehrfach mit Preisen ausgezeichnet wurde. Sein Atelier befand sich immer im Hause Mendelssohnstra\u00dfe 50, &#8230;<\/p>\n","protected":false},"author":1,"featured_media":0,"parent":0,"menu_order":3,"comment_status":"closed","ping_status":"closed","template":"","meta":{"ngg_post_thumbnail":0,"footnotes":""},"class_list":["post-16","page","type-page","status-publish","hentry"],"_links":{"self":[{"href":"http:\/\/galerie-m50-wittner.de\/index.php\/wp-json\/wp\/v2\/pages\/16","targetHints":{"allow":["GET"]}}],"collection":[{"href":"http:\/\/galerie-m50-wittner.de\/index.php\/wp-json\/wp\/v2\/pages"}],"about":[{"href":"http:\/\/galerie-m50-wittner.de\/index.php\/wp-json\/wp\/v2\/types\/page"}],"author":[{"embeddable":true,"href":"http:\/\/galerie-m50-wittner.de\/index.php\/wp-json\/wp\/v2\/users\/1"}],"replies":[{"embeddable":true,"href":"http:\/\/galerie-m50-wittner.de\/index.php\/wp-json\/wp\/v2\/comments?post=16"}],"version-history":[{"count":25,"href":"http:\/\/galerie-m50-wittner.de\/index.php\/wp-json\/wp\/v2\/pages\/16\/revisions"}],"predecessor-version":[{"id":74,"href":"http:\/\/galerie-m50-wittner.de\/index.php\/wp-json\/wp\/v2\/pages\/16\/revisions\/74"}],"wp:attachment":[{"href":"http:\/\/galerie-m50-wittner.de\/index.php\/wp-json\/wp\/v2\/media?parent=16"}],"curies":[{"name":"wp","href":"https:\/\/api.w.org\/{rel}","templated":true}]}}