{"id":120,"date":"2009-10-21T15:52:49","date_gmt":"2009-10-21T11:52:49","guid":{"rendered":"http:\/\/galerie-m50-wittner.de\/?page_id=120"},"modified":"2026-04-05T17:58:24","modified_gmt":"2026-04-05T13:58:24","slug":"vorschau","status":"publish","type":"page","link":"http:\/\/galerie-m50-wittner.de\/index.php\/vorschau","title":{"rendered":"Vorschau"},"content":{"rendered":"<h4><strong>Ausstellung No.1 in 2026<\/strong><\/p>\n<p><em>Gem\u00e4lde&nbsp; &nbsp;Objekte&nbsp; &nbsp;Grafik<br \/>\n<\/em><br \/>\nGoce Andonoski<br \/>\nHenning Lierow<br \/>\nGabriele Wittner<\/h4>\n<h4><strong>17. April (Er\u00f6ffnung 18 &#8211; 19 Uhr) &#8211; 16 .Mai 2026<\/strong><\/h4>\n<p><strong>&#8230;..<\/strong><\/p>\n<h4><strong>Ausstellung No.2 in 2026<\/strong><\/h4>\n<h4><em>Gem\u00e4lde&nbsp; &nbsp;Objekte<br \/>\n<\/em><br \/>\nThorsten Frank<br \/>\nDirk Richter<\/h4>\n<h4><strong>22. Mai (Er\u00f6ffnung 18 &#8211; 19 Uhr) &#8211; 20. Juni 2026<\/strong><\/h4>\n<h4>&nbsp;<\/h4>\n<h3><strong><span style=\"color: #808080;\"><br \/>\n<\/span><\/strong><strong><span style=\"color: #808080;\">&nbsp;&nbsp;&nbsp;&nbsp;&nbsp;&nbsp;&nbsp;&nbsp;&nbsp;&nbsp;&nbsp;&nbsp;&nbsp;&nbsp;&nbsp;&nbsp;&nbsp;&nbsp;&nbsp;&nbsp;&nbsp;&nbsp;&nbsp;&nbsp;&nbsp;&nbsp;&nbsp;&nbsp;&nbsp;&nbsp;&nbsp;&nbsp;&nbsp;&nbsp;&nbsp;&nbsp;&nbsp;&nbsp;&nbsp;&nbsp;&nbsp;&nbsp;&nbsp;&nbsp;&nbsp;&nbsp;&nbsp;&nbsp;&nbsp;&nbsp;&nbsp;&nbsp; <\/span><\/strong><\/h3>\n<p>&nbsp;<\/p>\n<p>&nbsp;<\/p>\n<p>&nbsp;<\/p>\n<p>&nbsp;<\/p>\n<p>&nbsp;<\/p>\n<p>&nbsp;<\/p>\n<p>&nbsp;<\/p>\n<p>&nbsp;<\/p>\n<p><span style=\"color: #666666;\"><span style=\"font-family: Arial, sans-serif;\"><span style=\"font-size: small;\">&nbsp;<\/span><\/span><\/span><\/p>\n<h4>&nbsp;<\/h4>\n<h4>&nbsp;<\/h4>\n<h4>&nbsp;<\/h4>\n<h4>&nbsp;<\/h4>\n<p>&nbsp;<\/p>\n<p>&nbsp;<\/p>\n<p><span style=\"font-family: Arial, sans-serif; color: #808080;\">&nbsp;<\/span><\/p>\n<p>&nbsp;<\/p>\n<p>&nbsp;<\/p>\n<p>&nbsp;<\/p>\n<p>&nbsp;<\/p>\n<p>&nbsp;<\/p>\n<p>&nbsp;<\/p>\n<p>&nbsp;<\/p>\n<p>&nbsp;<\/p>\n<p>&nbsp;<\/p>\n<p>&nbsp;<\/p>\n<p>&nbsp;<\/p>\n<p>&nbsp;<\/p>\n<p>&nbsp;<\/p>\n<p>&nbsp;<\/p>\n<p>&nbsp;<\/p>\n","protected":false},"excerpt":{"rendered":"<p>Ausstellung No.1 in 2026 Gem\u00e4lde&nbsp; &nbsp;Objekte&nbsp; &nbsp;Grafik Goce Andonoski Henning Lierow Gabriele Wittner 17. April (Er\u00f6ffnung 18 &#8211; 19 Uhr) &#8211; 16 .Mai 2026 &#8230;.. Ausstellung No.2 in 2026 Gem\u00e4lde&nbsp; &#8230;<\/p>\n","protected":false},"author":1,"featured_media":0,"parent":0,"menu_order":1,"comment_status":"closed","ping_status":"closed","template":"","meta":{"ngg_post_thumbnail":0,"footnotes":""},"class_list":["post-120","page","type-page","status-publish","hentry"],"_links":{"self":[{"href":"http:\/\/galerie-m50-wittner.de\/index.php\/wp-json\/wp\/v2\/pages\/120","targetHints":{"allow":["GET"]}}],"collection":[{"href":"http:\/\/galerie-m50-wittner.de\/index.php\/wp-json\/wp\/v2\/pages"}],"about":[{"href":"http:\/\/galerie-m50-wittner.de\/index.php\/wp-json\/wp\/v2\/types\/page"}],"author":[{"embeddable":true,"href":"http:\/\/galerie-m50-wittner.de\/index.php\/wp-json\/wp\/v2\/users\/1"}],"replies":[{"embeddable":true,"href":"http:\/\/galerie-m50-wittner.de\/index.php\/wp-json\/wp\/v2\/comments?post=120"}],"version-history":[{"count":316,"href":"http:\/\/galerie-m50-wittner.de\/index.php\/wp-json\/wp\/v2\/pages\/120\/revisions"}],"predecessor-version":[{"id":3840,"href":"http:\/\/galerie-m50-wittner.de\/index.php\/wp-json\/wp\/v2\/pages\/120\/revisions\/3840"}],"wp:attachment":[{"href":"http:\/\/galerie-m50-wittner.de\/index.php\/wp-json\/wp\/v2\/media?parent=120"}],"curies":[{"name":"wp","href":"https:\/\/api.w.org\/{rel}","templated":true}]}}